{"id":323,"date":"2022-09-25T14:55:29","date_gmt":"2022-09-25T12:55:29","guid":{"rendered":"http:\/\/www.vince-flies.com\/?page_id=323"},"modified":"2023-04-11T20:28:42","modified_gmt":"2023-04-11T18:28:42","slug":"home-2","status":"publish","type":"page","link":"http:\/\/www.vince-flies.com\/","title":{"rendered":"The Story"},"content":{"rendered":"\n<div class=\"wp-block-media-text alignwide is-stacked-on-mobile is-vertically-aligned-top\"><figure class=\"wp-block-media-text__media\"><img loading=\"lazy\" decoding=\"async\" width=\"1024\" height=\"768\" src=\"http:\/\/www.vince-flies.com\/wp-content\/uploads\/2022\/09\/GPTempDownload-3-1024x768.jpg\" alt=\"\" class=\"wp-image-416 size-full\" srcset=\"http:\/\/www.vince-flies.com\/wp-content\/uploads\/2022\/09\/GPTempDownload-3-1024x768.jpg 1024w, http:\/\/www.vince-flies.com\/wp-content\/uploads\/2022\/09\/GPTempDownload-3-scaled-600x450.jpg 600w, http:\/\/www.vince-flies.com\/wp-content\/uploads\/2022\/09\/GPTempDownload-3-300x225.jpg 300w, http:\/\/www.vince-flies.com\/wp-content\/uploads\/2022\/09\/GPTempDownload-3-768x576.jpg 768w, http:\/\/www.vince-flies.com\/wp-content\/uploads\/2022\/09\/GPTempDownload-3-1536x1152.jpg 1536w, http:\/\/www.vince-flies.com\/wp-content\/uploads\/2022\/09\/GPTempDownload-3-2048x1536.jpg 2048w\" sizes=\"auto, (max-width: 1024px) 100vw, 1024px\" \/><\/figure><div class=\"wp-block-media-text__content\">\n<p>Seit \u00fcber 40 Jahren fasziniert und begleitet mich das Fliegenfischen. In all diesen Jahren habe ich sehr viel Zeit an den Fl\u00fcssen, Seen und in der wundersch\u00f6nen Natur verbracht. In all den Jahren habe ich viele interessante Sachen gesehen und erlebt und mit der Zeit wurde die Faszination zu einer grossen Passion. Heute kann ich Stolz sagen, dass ich mich mit den Gew\u00e4sser, der Natur und den Tieren sehr verbunden f\u00fchle und das alles respektiere. Es liegt mir sehr am Herzen, das ich alles mit Liebe, Sorgfalt, Leidenschaft und Respekt behandle. <\/p>\n\n\n\n<p>Vince <\/p>\n<\/div><\/div>\n\n\n\n<div style=\"height:100px\" aria-hidden=\"true\" class=\"wp-block-spacer\"><\/div>\n\n\n\n<figure class=\"wp-block-image size-full\"><img loading=\"lazy\" decoding=\"async\" width=\"768\" height=\"576\" src=\"http:\/\/www.vince-flies.com\/wp-content\/uploads\/2022\/10\/f5fd9a42-31ba-499d-be72-c9f3b452fe1d-1.jpg\" alt=\"\" class=\"wp-image-594\" srcset=\"http:\/\/www.vince-flies.com\/wp-content\/uploads\/2022\/10\/f5fd9a42-31ba-499d-be72-c9f3b452fe1d-1.jpg 768w, http:\/\/www.vince-flies.com\/wp-content\/uploads\/2022\/10\/f5fd9a42-31ba-499d-be72-c9f3b452fe1d-1-300x225.jpg 300w\" sizes=\"auto, (max-width: 768px) 100vw, 768px\" \/><\/figure>\n\n\n\n<div style=\"height:100px\" aria-hidden=\"true\" class=\"wp-block-spacer\"><\/div>\n\n\n\n<figure class=\"wp-block-gallery has-nested-images columns-default is-cropped wp-block-gallery-1 is-layout-flex wp-block-gallery-is-layout-flex\">\n<figure class=\"wp-block-image size-large\"><img loading=\"lazy\" decoding=\"async\" width=\"819\" height=\"1024\" data-id=\"640\" src=\"http:\/\/www.vince-flies.com\/wp-content\/uploads\/2022\/10\/cbd920ab-8230-48e5-99b6-ee63857ee6d7-1-819x1024.jpg\" alt=\"\" class=\"wp-image-640\" srcset=\"http:\/\/www.vince-flies.com\/wp-content\/uploads\/2022\/10\/cbd920ab-8230-48e5-99b6-ee63857ee6d7-1-819x1024.jpg 819w, http:\/\/www.vince-flies.com\/wp-content\/uploads\/2022\/10\/cbd920ab-8230-48e5-99b6-ee63857ee6d7-1-240x300.jpg 240w, http:\/\/www.vince-flies.com\/wp-content\/uploads\/2022\/10\/cbd920ab-8230-48e5-99b6-ee63857ee6d7-1-768x960.jpg 768w, http:\/\/www.vince-flies.com\/wp-content\/uploads\/2022\/10\/cbd920ab-8230-48e5-99b6-ee63857ee6d7-1-1229x1536.jpg 1229w, http:\/\/www.vince-flies.com\/wp-content\/uploads\/2022\/10\/cbd920ab-8230-48e5-99b6-ee63857ee6d7-1-1140x1425.jpg 1140w, http:\/\/www.vince-flies.com\/wp-content\/uploads\/2022\/10\/cbd920ab-8230-48e5-99b6-ee63857ee6d7-1.jpg 1440w\" sizes=\"auto, (max-width: 819px) 100vw, 819px\" \/><\/figure>\n\n\n\n<figure class=\"wp-block-image size-large\"><img loading=\"lazy\" decoding=\"async\" width=\"997\" height=\"1024\" data-id=\"818\" src=\"http:\/\/www.vince-flies.com\/wp-content\/uploads\/2022\/10\/GPTempDownload-1-997x1024.jpg\" alt=\"\" class=\"wp-image-818\" srcset=\"http:\/\/www.vince-flies.com\/wp-content\/uploads\/2022\/10\/GPTempDownload-1-997x1024.jpg 997w, http:\/\/www.vince-flies.com\/wp-content\/uploads\/2022\/10\/GPTempDownload-1-292x300.jpg 292w, http:\/\/www.vince-flies.com\/wp-content\/uploads\/2022\/10\/GPTempDownload-1-768x789.jpg 768w, http:\/\/www.vince-flies.com\/wp-content\/uploads\/2022\/10\/GPTempDownload-1-1140x1171.jpg 1140w, http:\/\/www.vince-flies.com\/wp-content\/uploads\/2022\/10\/GPTempDownload-1.jpg 1480w\" sizes=\"auto, (max-width: 997px) 100vw, 997px\" \/><\/figure>\n\n\n\n<figure class=\"wp-block-image size-large\"><img loading=\"lazy\" decoding=\"async\" width=\"822\" height=\"1024\" data-id=\"598\" src=\"http:\/\/www.vince-flies.com\/wp-content\/uploads\/2022\/10\/8161a77e-5ef8-4bf3-8429-c9c2fa5c6858-822x1024.jpg\" alt=\"\" class=\"wp-image-598\" srcset=\"http:\/\/www.vince-flies.com\/wp-content\/uploads\/2022\/10\/8161a77e-5ef8-4bf3-8429-c9c2fa5c6858-822x1024.jpg 822w, http:\/\/www.vince-flies.com\/wp-content\/uploads\/2022\/10\/8161a77e-5ef8-4bf3-8429-c9c2fa5c6858-241x300.jpg 241w, http:\/\/www.vince-flies.com\/wp-content\/uploads\/2022\/10\/8161a77e-5ef8-4bf3-8429-c9c2fa5c6858-768x957.jpg 768w, http:\/\/www.vince-flies.com\/wp-content\/uploads\/2022\/10\/8161a77e-5ef8-4bf3-8429-c9c2fa5c6858-1233x1536.jpg 1233w, http:\/\/www.vince-flies.com\/wp-content\/uploads\/2022\/10\/8161a77e-5ef8-4bf3-8429-c9c2fa5c6858-1140x1420.jpg 1140w, http:\/\/www.vince-flies.com\/wp-content\/uploads\/2022\/10\/8161a77e-5ef8-4bf3-8429-c9c2fa5c6858.jpg 1440w\" sizes=\"auto, (max-width: 822px) 100vw, 822px\" \/><\/figure>\n\n\n\n<figure class=\"wp-block-image size-large\"><img loading=\"lazy\" decoding=\"async\" width=\"1024\" height=\"576\" data-id=\"820\" src=\"http:\/\/www.vince-flies.com\/wp-content\/uploads\/2022\/10\/GPTempDownload1-1024x576.jpg\" alt=\"\" class=\"wp-image-820\" srcset=\"http:\/\/www.vince-flies.com\/wp-content\/uploads\/2022\/10\/GPTempDownload1-1024x576.jpg 1024w, http:\/\/www.vince-flies.com\/wp-content\/uploads\/2022\/10\/GPTempDownload1-300x169.jpg 300w, http:\/\/www.vince-flies.com\/wp-content\/uploads\/2022\/10\/GPTempDownload1-768x432.jpg 768w, http:\/\/www.vince-flies.com\/wp-content\/uploads\/2022\/10\/GPTempDownload1-1536x863.jpg 1536w, http:\/\/www.vince-flies.com\/wp-content\/uploads\/2022\/10\/GPTempDownload1-2048x1151.jpg 2048w, http:\/\/www.vince-flies.com\/wp-content\/uploads\/2022\/10\/GPTempDownload1-1140x641.jpg 1140w\" sizes=\"auto, (max-width: 1024px) 100vw, 1024px\" \/><\/figure>\n<\/figure>\n","protected":false},"excerpt":{"rendered":"<p>Seit \u00fcber 40 Jahren fasziniert und begleitet mich das Fliegenfischen. In all diesen Jahren habe ich sehr viel Zeit an den Fl\u00fcssen, Seen und in der wundersch\u00f6nen Natur verbracht. In all den Jahren habe ich viele interessante Sachen gesehen und erlebt und mit der Zeit wurde die Faszination zu einer grossen Passion. Heute kann ich Stolz sagen, dass ich mich mit den Gew\u00e4sser, der Natur und den Tieren sehr verbunden f\u00fchle und das alles respektiere. Es liegt mir sehr am Herzen, das ich alles mit Liebe, Sorgfalt, Leidenschaft und Respekt behandle. Vince<\/p>\n","protected":false},"author":1,"featured_media":0,"parent":0,"menu_order":0,"comment_status":"closed","ping_status":"closed","template":"","meta":{"footnotes":""},"class_list":["post-323","page","type-page","status-publish","hentry"],"_links":{"self":[{"href":"http:\/\/www.vince-flies.com\/index.php\/wp-json\/wp\/v2\/pages\/323","targetHints":{"allow":["GET"]}}],"collection":[{"href":"http:\/\/www.vince-flies.com\/index.php\/wp-json\/wp\/v2\/pages"}],"about":[{"href":"http:\/\/www.vince-flies.com\/index.php\/wp-json\/wp\/v2\/types\/page"}],"author":[{"embeddable":true,"href":"http:\/\/www.vince-flies.com\/index.php\/wp-json\/wp\/v2\/users\/1"}],"replies":[{"embeddable":true,"href":"http:\/\/www.vince-flies.com\/index.php\/wp-json\/wp\/v2\/comments?post=323"}],"version-history":[{"count":18,"href":"http:\/\/www.vince-flies.com\/index.php\/wp-json\/wp\/v2\/pages\/323\/revisions"}],"predecessor-version":[{"id":898,"href":"http:\/\/www.vince-flies.com\/index.php\/wp-json\/wp\/v2\/pages\/323\/revisions\/898"}],"wp:attachment":[{"href":"http:\/\/www.vince-flies.com\/index.php\/wp-json\/wp\/v2\/media?parent=323"}],"curies":[{"name":"wp","href":"https:\/\/api.w.org\/{rel}","templated":true}]}}