{"id":358,"date":"2022-09-25T17:57:01","date_gmt":"2022-09-25T15:57:01","guid":{"rendered":"http:\/\/www.vince-flies.com\/?page_id=358"},"modified":"2022-10-02T13:53:21","modified_gmt":"2022-10-02T11:53:21","slug":"flyfishing-mobil","status":"publish","type":"page","link":"http:\/\/www.vince-flies.com\/index.php\/flyfishing-mobil\/","title":{"rendered":"Flyfish &#8211; Mobil"},"content":{"rendered":"\n<div class=\"wp-block-media-text alignwide is-stacked-on-mobile\" style=\"grid-template-columns:28% auto\"><figure class=\"wp-block-media-text__media\"><img loading=\"lazy\" decoding=\"async\" width=\"1024\" height=\"859\" src=\"http:\/\/www.vince-flies.com\/wp-content\/uploads\/2022\/09\/fca09e64-2d34-4084-a06f-6357a0f0a75b-1-1024x859.jpg\" alt=\"\" class=\"wp-image-413 size-full\" srcset=\"http:\/\/www.vince-flies.com\/wp-content\/uploads\/2022\/09\/fca09e64-2d34-4084-a06f-6357a0f0a75b-1-1024x859.jpg 1024w, http:\/\/www.vince-flies.com\/wp-content\/uploads\/2022\/09\/fca09e64-2d34-4084-a06f-6357a0f0a75b-1-600x504.jpg 600w, http:\/\/www.vince-flies.com\/wp-content\/uploads\/2022\/09\/fca09e64-2d34-4084-a06f-6357a0f0a75b-1-300x252.jpg 300w, http:\/\/www.vince-flies.com\/wp-content\/uploads\/2022\/09\/fca09e64-2d34-4084-a06f-6357a0f0a75b-1-768x645.jpg 768w, http:\/\/www.vince-flies.com\/wp-content\/uploads\/2022\/09\/fca09e64-2d34-4084-a06f-6357a0f0a75b-1.jpg 1536w\" sizes=\"auto, (max-width: 1024px) 100vw, 1024px\" \/><\/figure><div class=\"wp-block-media-text__content\">\n<p>Zu meinem Leben geh\u00f6rt mein Wohnmobil, wenn ich fischen gehe bin ich mit dem WoMO unterwegs. Das ist f\u00fcr mich Freiheit, ich bin n\u00e4her an der Natur und alles was ich zum Fischen ben\u00f6tige ist dabei. Ich geniesse mein zweites Zuhause.<\/p>\n<\/div><\/div>\n\n\n\n<div style=\"height:100px\" aria-hidden=\"true\" class=\"wp-block-spacer\"><\/div>\n\n\n\n<div class=\"wp-block-media-text alignwide is-stacked-on-mobile is-image-fill\" style=\"grid-template-columns:21% auto\"><figure class=\"wp-block-media-text__media\" style=\"background-image:url(http:\/\/www.vince-flies.com\/wp-content\/uploads\/2022\/09\/image-1022x1024.png);background-position:50% 50%\"><img loading=\"lazy\" decoding=\"async\" width=\"1022\" height=\"1024\" src=\"http:\/\/www.vince-flies.com\/wp-content\/uploads\/2022\/09\/image-1022x1024.png\" alt=\"\" class=\"wp-image-427 size-full\" srcset=\"http:\/\/www.vince-flies.com\/wp-content\/uploads\/2022\/09\/image-1022x1024.png 1022w, http:\/\/www.vince-flies.com\/wp-content\/uploads\/2022\/09\/image-300x300.png 300w, http:\/\/www.vince-flies.com\/wp-content\/uploads\/2022\/09\/image-100x100.png 100w, http:\/\/www.vince-flies.com\/wp-content\/uploads\/2022\/09\/image-600x601.png 600w, http:\/\/www.vince-flies.com\/wp-content\/uploads\/2022\/09\/image-150x150.png 150w, http:\/\/www.vince-flies.com\/wp-content\/uploads\/2022\/09\/image-768x770.png 768w, http:\/\/www.vince-flies.com\/wp-content\/uploads\/2022\/09\/image-666x666.png 666w, http:\/\/www.vince-flies.com\/wp-content\/uploads\/2022\/09\/image-720x720.png 720w, http:\/\/www.vince-flies.com\/wp-content\/uploads\/2022\/09\/image.png 1531w\" sizes=\"auto, (max-width: 1022px) 100vw, 1022px\" \/><\/figure><div class=\"wp-block-media-text__content\">\n<p>Mein Wohnmobil ist so eingerichtet dass ich &#187; on the road&#187; auch meine Fliegen binden kann. Am Fluss schaue ich was f\u00fcr Insekten auf dem Speiseplan der Fische steht und dann binde ich naturgetreu meine Fliegen nach. <\/p>\n\n\n\n<p>Was gibt es sch\u00f6neres als im freien im eigenen &#171;fahrenden Zuhause&#187; fliegen zu binden?<\/p>\n<\/div><\/div>\n\n\n\n<div style=\"height:100px\" aria-hidden=\"true\" class=\"wp-block-spacer\"><\/div>\n\n\n\n<figure class=\"wp-block-gallery has-nested-images columns-default is-cropped wp-block-gallery-1 is-layout-flex wp-block-gallery-is-layout-flex\">\n<figure class=\"wp-block-image size-large\"><img loading=\"lazy\" decoding=\"async\" width=\"1024\" height=\"1024\" data-id=\"600\" src=\"http:\/\/www.vince-flies.com\/wp-content\/uploads\/2022\/10\/b1f5e2ab-7c42-4b82-9bb4-8bd6f70150e0-1024x1024.jpg\" alt=\"\" class=\"wp-image-600\" srcset=\"http:\/\/www.vince-flies.com\/wp-content\/uploads\/2022\/10\/b1f5e2ab-7c42-4b82-9bb4-8bd6f70150e0-1024x1024.jpg 1024w, http:\/\/www.vince-flies.com\/wp-content\/uploads\/2022\/10\/b1f5e2ab-7c42-4b82-9bb4-8bd6f70150e0-300x300.jpg 300w, http:\/\/www.vince-flies.com\/wp-content\/uploads\/2022\/10\/b1f5e2ab-7c42-4b82-9bb4-8bd6f70150e0-150x150.jpg 150w, http:\/\/www.vince-flies.com\/wp-content\/uploads\/2022\/10\/b1f5e2ab-7c42-4b82-9bb4-8bd6f70150e0-768x767.jpg 768w, http:\/\/www.vince-flies.com\/wp-content\/uploads\/2022\/10\/b1f5e2ab-7c42-4b82-9bb4-8bd6f70150e0-1140x1139.jpg 1140w, http:\/\/www.vince-flies.com\/wp-content\/uploads\/2022\/10\/b1f5e2ab-7c42-4b82-9bb4-8bd6f70150e0-75x75.jpg 75w, http:\/\/www.vince-flies.com\/wp-content\/uploads\/2022\/10\/b1f5e2ab-7c42-4b82-9bb4-8bd6f70150e0.jpg 1440w\" sizes=\"auto, (max-width: 1024px) 100vw, 1024px\" \/><\/figure>\n\n\n\n<figure class=\"wp-block-image size-large\"><img loading=\"lazy\" decoding=\"async\" width=\"819\" height=\"1024\" data-id=\"601\" src=\"http:\/\/www.vince-flies.com\/wp-content\/uploads\/2022\/10\/1cb0d5db-8339-41c2-a211-9cc7854a1095-819x1024.jpg\" alt=\"\" class=\"wp-image-601\" srcset=\"http:\/\/www.vince-flies.com\/wp-content\/uploads\/2022\/10\/1cb0d5db-8339-41c2-a211-9cc7854a1095-819x1024.jpg 819w, http:\/\/www.vince-flies.com\/wp-content\/uploads\/2022\/10\/1cb0d5db-8339-41c2-a211-9cc7854a1095-240x300.jpg 240w, http:\/\/www.vince-flies.com\/wp-content\/uploads\/2022\/10\/1cb0d5db-8339-41c2-a211-9cc7854a1095-768x960.jpg 768w, http:\/\/www.vince-flies.com\/wp-content\/uploads\/2022\/10\/1cb0d5db-8339-41c2-a211-9cc7854a1095-1229x1536.jpg 1229w, http:\/\/www.vince-flies.com\/wp-content\/uploads\/2022\/10\/1cb0d5db-8339-41c2-a211-9cc7854a1095-1140x1425.jpg 1140w, http:\/\/www.vince-flies.com\/wp-content\/uploads\/2022\/10\/1cb0d5db-8339-41c2-a211-9cc7854a1095.jpg 1440w\" sizes=\"auto, (max-width: 819px) 100vw, 819px\" \/><\/figure>\n\n\n\n<figure class=\"wp-block-image size-large\"><img loading=\"lazy\" decoding=\"async\" width=\"768\" height=\"1024\" data-id=\"602\" src=\"http:\/\/www.vince-flies.com\/wp-content\/uploads\/2022\/10\/382df0ae-73a6-43a2-8482-81dffa0edca7-768x1024.jpg\" alt=\"\" class=\"wp-image-602\" srcset=\"http:\/\/www.vince-flies.com\/wp-content\/uploads\/2022\/10\/382df0ae-73a6-43a2-8482-81dffa0edca7-768x1024.jpg 768w, http:\/\/www.vince-flies.com\/wp-content\/uploads\/2022\/10\/382df0ae-73a6-43a2-8482-81dffa0edca7-225x300.jpg 225w, http:\/\/www.vince-flies.com\/wp-content\/uploads\/2022\/10\/382df0ae-73a6-43a2-8482-81dffa0edca7-1152x1536.jpg 1152w, http:\/\/www.vince-flies.com\/wp-content\/uploads\/2022\/10\/382df0ae-73a6-43a2-8482-81dffa0edca7-1140x1520.jpg 1140w, http:\/\/www.vince-flies.com\/wp-content\/uploads\/2022\/10\/382df0ae-73a6-43a2-8482-81dffa0edca7.jpg 1536w\" sizes=\"auto, (max-width: 768px) 100vw, 768px\" \/><\/figure>\n<\/figure>\n","protected":false},"excerpt":{"rendered":"<p>Zu meinem Leben geh\u00f6rt mein Wohnmobil, wenn ich fischen gehe bin ich mit dem WoMO unterwegs. Das ist f\u00fcr mich Freiheit, ich bin n\u00e4her an der Natur und alles was ich zum Fischen ben\u00f6tige ist dabei. Ich geniesse mein zweites Zuhause. Mein Wohnmobil ist so eingerichtet dass ich &#187; on the road&#187; auch meine Fliegen binden kann. Am Fluss schaue ich was f\u00fcr Insekten auf dem Speiseplan der Fische steht und dann binde ich naturgetreu meine Fliegen nach. Was gibt es sch\u00f6neres als im freien im eigenen &#171;fahrenden Zuhause&#187; fliegen zu binden?<\/p>\n","protected":false},"author":1,"featured_media":0,"parent":0,"menu_order":0,"comment_status":"closed","ping_status":"closed","template":"","meta":{"footnotes":""},"class_list":["post-358","page","type-page","status-publish","hentry"],"_links":{"self":[{"href":"http:\/\/www.vince-flies.com\/index.php\/wp-json\/wp\/v2\/pages\/358","targetHints":{"allow":["GET"]}}],"collection":[{"href":"http:\/\/www.vince-flies.com\/index.php\/wp-json\/wp\/v2\/pages"}],"about":[{"href":"http:\/\/www.vince-flies.com\/index.php\/wp-json\/wp\/v2\/types\/page"}],"author":[{"embeddable":true,"href":"http:\/\/www.vince-flies.com\/index.php\/wp-json\/wp\/v2\/users\/1"}],"replies":[{"embeddable":true,"href":"http:\/\/www.vince-flies.com\/index.php\/wp-json\/wp\/v2\/comments?post=358"}],"version-history":[{"count":18,"href":"http:\/\/www.vince-flies.com\/index.php\/wp-json\/wp\/v2\/pages\/358\/revisions"}],"predecessor-version":[{"id":690,"href":"http:\/\/www.vince-flies.com\/index.php\/wp-json\/wp\/v2\/pages\/358\/revisions\/690"}],"wp:attachment":[{"href":"http:\/\/www.vince-flies.com\/index.php\/wp-json\/wp\/v2\/media?parent=358"}],"curies":[{"name":"wp","href":"https:\/\/api.w.org\/{rel}","templated":true}]}}