{"id":710,"date":"2022-10-02T17:33:10","date_gmt":"2022-10-02T15:33:10","guid":{"rendered":"http:\/\/www.vince-flies.com\/?page_id=710"},"modified":"2022-10-28T20:15:13","modified_gmt":"2022-10-28T18:15:13","slug":"der-fliegenbinder","status":"publish","type":"page","link":"http:\/\/www.vince-flies.com\/index.php\/der-fliegenbinder\/","title":{"rendered":"Der Fliegenbinder"},"content":{"rendered":"\n<div class=\"wp-block-media-text alignwide is-stacked-on-mobile\" style=\"grid-template-columns:27% auto\"><figure class=\"wp-block-media-text__media\"><img loading=\"lazy\" decoding=\"async\" width=\"1024\" height=\"1024\" src=\"http:\/\/www.vince-flies.com\/wp-content\/uploads\/2022\/09\/4e563b76-d374-4287-970d-d4cdfeb1690a-1-1024x1024.jpg\" alt=\"\" class=\"wp-image-442 size-medium\" srcset=\"http:\/\/www.vince-flies.com\/wp-content\/uploads\/2022\/09\/4e563b76-d374-4287-970d-d4cdfeb1690a-1.jpg 1024w, http:\/\/www.vince-flies.com\/wp-content\/uploads\/2022\/09\/4e563b76-d374-4287-970d-d4cdfeb1690a-1-300x300.jpg 300w, http:\/\/www.vince-flies.com\/wp-content\/uploads\/2022\/09\/4e563b76-d374-4287-970d-d4cdfeb1690a-1-100x100.jpg 100w, http:\/\/www.vince-flies.com\/wp-content\/uploads\/2022\/09\/4e563b76-d374-4287-970d-d4cdfeb1690a-1-600x600.jpg 600w, http:\/\/www.vince-flies.com\/wp-content\/uploads\/2022\/09\/4e563b76-d374-4287-970d-d4cdfeb1690a-1-150x150.jpg 150w, http:\/\/www.vince-flies.com\/wp-content\/uploads\/2022\/09\/4e563b76-d374-4287-970d-d4cdfeb1690a-1-768x768.jpg 768w, http:\/\/www.vince-flies.com\/wp-content\/uploads\/2022\/09\/4e563b76-d374-4287-970d-d4cdfeb1690a-1-666x666.jpg 666w, http:\/\/www.vince-flies.com\/wp-content\/uploads\/2022\/09\/4e563b76-d374-4287-970d-d4cdfeb1690a-1-720x720.jpg 720w\" sizes=\"auto, (max-width: 1024px) 100vw, 1024px\" \/><\/figure><div class=\"wp-block-media-text__content\">\n<p>Wer einmal das Fliegenfischen f\u00fcr sich entdeckt hat, wird sich fr\u00fcher oder sp\u00e4ter mit dem K\u00f6der befassen. Ab dann kommt das Fliegenbinden ins Spiel. Eine perfekte Fliegen zu binden ist eine Kunsthandwerk dem ich befallen bin . Bevor ich eine Fliege binde, lese ich sorgf\u00e4ltig die Materialien aus und binde die Fliegen bis sie f\u00fcr mich perfekt ist.  <\/p>\n<\/div><\/div>\n\n\n\n<div style=\"height:100px\" aria-hidden=\"true\" class=\"wp-block-spacer\"><\/div>\n\n\n\n<div class=\"wp-block-media-text alignwide is-stacked-on-mobile\" style=\"grid-template-columns:27% auto\"><figure class=\"wp-block-media-text__media\"><img loading=\"lazy\" decoding=\"async\" width=\"1024\" height=\"642\" src=\"http:\/\/www.vince-flies.com\/wp-content\/uploads\/2022\/09\/3ffeb5ba-0eb4-4055-a126-5e553fadfcc6.jpg\" alt=\"\" class=\"wp-image-530 size-full\" srcset=\"http:\/\/www.vince-flies.com\/wp-content\/uploads\/2022\/09\/3ffeb5ba-0eb4-4055-a126-5e553fadfcc6.jpg 1024w, http:\/\/www.vince-flies.com\/wp-content\/uploads\/2022\/09\/3ffeb5ba-0eb4-4055-a126-5e553fadfcc6-300x188.jpg 300w, http:\/\/www.vince-flies.com\/wp-content\/uploads\/2022\/09\/3ffeb5ba-0eb4-4055-a126-5e553fadfcc6-768x482.jpg 768w, http:\/\/www.vince-flies.com\/wp-content\/uploads\/2022\/09\/3ffeb5ba-0eb4-4055-a126-5e553fadfcc6-600x376.jpg 600w\" sizes=\"auto, (max-width: 1024px) 100vw, 1024px\" \/><\/figure><div class=\"wp-block-media-text__content\">\n<p>Es ist jedesmal ein Freude f\u00fcr mich wenn ich das Endresultat sehe.<\/p>\n<\/div><\/div>\n\n\n\n<div style=\"height:100px\" aria-hidden=\"true\" class=\"wp-block-spacer\"><\/div>\n\n\n\n<div class=\"wp-block-media-text alignwide is-stacked-on-mobile\" style=\"grid-template-columns:27% auto\"><figure class=\"wp-block-media-text__media\"><img loading=\"lazy\" decoding=\"async\" width=\"1024\" height=\"690\" src=\"http:\/\/www.vince-flies.com\/wp-content\/uploads\/2022\/10\/PHOTO-2022-08-22-21-10-30-1024x690.jpg\" alt=\"\" class=\"wp-image-575 size-full\" srcset=\"http:\/\/www.vince-flies.com\/wp-content\/uploads\/2022\/10\/PHOTO-2022-08-22-21-10-30-1024x690.jpg 1024w, http:\/\/www.vince-flies.com\/wp-content\/uploads\/2022\/10\/PHOTO-2022-08-22-21-10-30-300x202.jpg 300w, http:\/\/www.vince-flies.com\/wp-content\/uploads\/2022\/10\/PHOTO-2022-08-22-21-10-30-768x518.jpg 768w, http:\/\/www.vince-flies.com\/wp-content\/uploads\/2022\/10\/PHOTO-2022-08-22-21-10-30-1140x768.jpg 1140w, http:\/\/www.vince-flies.com\/wp-content\/uploads\/2022\/10\/PHOTO-2022-08-22-21-10-30.jpg 1288w\" sizes=\"auto, (max-width: 1024px) 100vw, 1024px\" \/><\/figure><div class=\"wp-block-media-text__content\">\n<p>LACHSFLIEGE BY VINCE &#8211; FLIES <\/p>\n<\/div><\/div>\n\n\n\n<div style=\"height:100px\" aria-hidden=\"true\" class=\"wp-block-spacer\"><\/div>\n\n\n\n<figure class=\"wp-block-gallery has-nested-images columns-default is-cropped wp-block-gallery-1 is-layout-flex wp-block-gallery-is-layout-flex\">\n<figure class=\"wp-block-image size-large\"><img loading=\"lazy\" decoding=\"async\" width=\"905\" height=\"1024\" data-id=\"815\" src=\"http:\/\/www.vince-flies.com\/wp-content\/uploads\/2022\/10\/IMG_3642-905x1024.jpg\" alt=\"\" class=\"wp-image-815\" srcset=\"http:\/\/www.vince-flies.com\/wp-content\/uploads\/2022\/10\/IMG_3642-905x1024.jpg 905w, http:\/\/www.vince-flies.com\/wp-content\/uploads\/2022\/10\/IMG_3642-265x300.jpg 265w, http:\/\/www.vince-flies.com\/wp-content\/uploads\/2022\/10\/IMG_3642-768x869.jpg 768w, http:\/\/www.vince-flies.com\/wp-content\/uploads\/2022\/10\/IMG_3642-1358x1536.jpg 1358w, http:\/\/www.vince-flies.com\/wp-content\/uploads\/2022\/10\/IMG_3642-1810x2048.jpg 1810w, http:\/\/www.vince-flies.com\/wp-content\/uploads\/2022\/10\/IMG_3642-1140x1290.jpg 1140w\" sizes=\"auto, (max-width: 905px) 100vw, 905px\" \/><\/figure>\n\n\n\n<figure class=\"wp-block-image size-full\"><img loading=\"lazy\" decoding=\"async\" width=\"1024\" height=\"642\" data-id=\"730\" src=\"http:\/\/www.vince-flies.com\/wp-content\/uploads\/2022\/10\/3ffeb5ba-0eb4-4055-a126-5e553fadfcc6-1.jpg\" alt=\"\" class=\"wp-image-730\" srcset=\"http:\/\/www.vince-flies.com\/wp-content\/uploads\/2022\/10\/3ffeb5ba-0eb4-4055-a126-5e553fadfcc6-1.jpg 1024w, http:\/\/www.vince-flies.com\/wp-content\/uploads\/2022\/10\/3ffeb5ba-0eb4-4055-a126-5e553fadfcc6-1-300x188.jpg 300w, http:\/\/www.vince-flies.com\/wp-content\/uploads\/2022\/10\/3ffeb5ba-0eb4-4055-a126-5e553fadfcc6-1-768x482.jpg 768w\" sizes=\"auto, (max-width: 1024px) 100vw, 1024px\" \/><\/figure>\n\n\n\n<figure class=\"wp-block-image size-large\"><img loading=\"lazy\" decoding=\"async\" width=\"1024\" height=\"703\" data-id=\"726\" src=\"http:\/\/www.vince-flies.com\/wp-content\/uploads\/2022\/10\/IMG_9232-1-1024x703.jpg\" alt=\"\" class=\"wp-image-726\" srcset=\"http:\/\/www.vince-flies.com\/wp-content\/uploads\/2022\/10\/IMG_9232-1-1024x703.jpg 1024w, http:\/\/www.vince-flies.com\/wp-content\/uploads\/2022\/10\/IMG_9232-1-300x206.jpg 300w, http:\/\/www.vince-flies.com\/wp-content\/uploads\/2022\/10\/IMG_9232-1-768x527.jpg 768w, http:\/\/www.vince-flies.com\/wp-content\/uploads\/2022\/10\/IMG_9232-1-1140x782.jpg 1140w, http:\/\/www.vince-flies.com\/wp-content\/uploads\/2022\/10\/IMG_9232-1.jpg 1495w\" sizes=\"auto, (max-width: 1024px) 100vw, 1024px\" \/><\/figure>\n<\/figure>\n","protected":false},"excerpt":{"rendered":"<p>Wer einmal das Fliegenfischen f\u00fcr sich entdeckt hat, wird sich fr\u00fcher oder sp\u00e4ter mit dem K\u00f6der befassen. Ab dann kommt das Fliegenbinden ins Spiel. Eine perfekte Fliegen zu binden ist eine Kunsthandwerk dem ich befallen bin . Bevor ich eine Fliege binde, lese ich sorgf\u00e4ltig die Materialien aus und binde die Fliegen bis sie f\u00fcr mich perfekt ist. Es ist jedesmal ein Freude f\u00fcr mich wenn ich das Endresultat sehe. LACHSFLIEGE BY VINCE &#8211; FLIES<\/p>\n","protected":false},"author":1,"featured_media":0,"parent":0,"menu_order":0,"comment_status":"closed","ping_status":"closed","template":"","meta":{"footnotes":""},"class_list":["post-710","page","type-page","status-publish","hentry"],"_links":{"self":[{"href":"http:\/\/www.vince-flies.com\/index.php\/wp-json\/wp\/v2\/pages\/710","targetHints":{"allow":["GET"]}}],"collection":[{"href":"http:\/\/www.vince-flies.com\/index.php\/wp-json\/wp\/v2\/pages"}],"about":[{"href":"http:\/\/www.vince-flies.com\/index.php\/wp-json\/wp\/v2\/types\/page"}],"author":[{"embeddable":true,"href":"http:\/\/www.vince-flies.com\/index.php\/wp-json\/wp\/v2\/users\/1"}],"replies":[{"embeddable":true,"href":"http:\/\/www.vince-flies.com\/index.php\/wp-json\/wp\/v2\/comments?post=710"}],"version-history":[{"count":4,"href":"http:\/\/www.vince-flies.com\/index.php\/wp-json\/wp\/v2\/pages\/710\/revisions"}],"predecessor-version":[{"id":817,"href":"http:\/\/www.vince-flies.com\/index.php\/wp-json\/wp\/v2\/pages\/710\/revisions\/817"}],"wp:attachment":[{"href":"http:\/\/www.vince-flies.com\/index.php\/wp-json\/wp\/v2\/media?parent=710"}],"curies":[{"name":"wp","href":"https:\/\/api.w.org\/{rel}","templated":true}]}}